{"id":273,"date":"2024-12-12T10:58:55","date_gmt":"2024-12-12T13:58:55","guid":{"rendered":"http:\/\/localhost\/tiropunta\/?page_id=273"},"modified":"2025-01-08T16:31:28","modified_gmt":"2025-01-08T19:31:28","slug":"porte","status":"publish","type":"page","link":"https:\/\/www.tiropunta.com\/?page_id=273","title":{"rendered":"Porte"},"content":{"rendered":"\n<h3 class=\"wp-block-heading has-accent-color has-text-color has-link-color wp-elements-bfcaa4025937e5127f16e2e5d1fe92a2\">Solicitud de Permiso para Porte de Armas Cortas<\/h3>\n\n\n\n<p>El <strong>Porte de Armas<\/strong> es la solicitud que realiza un ciudadano ante el Ministerio del Interior para obtener el permiso de portar un arma corta (de pu\u00f1o) de su propiedad. Este permiso permite al titular transportar el arma en espacios p\u00fablicos, bajo las condiciones y normativas establecidas por la legislaci\u00f3n vigente.<\/p>\n\n\n\n<h4 class=\"wp-block-heading has-accent-color has-text-color has-link-color wp-elements-aae0cd0548035f3c7927d8e43b63e460\">Requisitos para la solicitud de Porte de Armas:<\/h4>\n\n\n\n<ol class=\"wp-block-list\">\n<li><strong>C\u00e9dula de identidad vigente y en buen estado<\/strong>: Documento oficial de identificaci\u00f3n del solicitante.<\/li>\n\n\n\n<li><strong>Habilitaci\u00f3n para la adquisici\u00f3n y tenencia de armas de fuego (THATA)<\/strong>: El solicitante debe contar con un THATA vigente que acredite la legalidad de su tenencia de armas.<\/li>\n\n\n\n<li><strong>Gu\u00eda(s) vigente(s) de todas las armas cortas que posea<\/strong>: El solicitante debe presentar la gu\u00eda o gu\u00edas de armas cortas que posee, y deben estar vigentes.<\/li>\n\n\n\n<li><strong>Justificativo para empresas<\/strong>: En el caso de trabajadores que soliciten el porte por razones laborales, deben presentar una certificaci\u00f3n emitida por un escribano o contador, que contenga los siguientes datos:\n<ul class=\"wp-block-list\">\n<li>Identificaci\u00f3n clara de la empresa (denominaci\u00f3n, R.U.T., domicilio y giro).<\/li>\n\n\n\n<li>Domicilio personal del solicitante.<\/li>\n\n\n\n<li>Ingresos personales mensuales y cargo que ocupa en la empresa.<\/li>\n\n\n\n<li>Informaci\u00f3n sobre el traslado de valores (por vez), montos estimativos, frecuencia semanal del traslado y las zonas por donde se realiza (indicar solo el departamento).<\/li>\n<\/ul>\n<\/li>\n\n\n\n<li><strong>Constancia de tramitaci\u00f3n del Certificado de antecedentes judiciales<\/strong>: El solicitante debe presentar la constancia de que ha iniciado el tr\u00e1mite del certificado de antecedentes judiciales. Si el usuario tiene una cuenta de usuario Gub.uy avanzada, Id Digital de Abitab o ID Digital de Antel, puede iniciar este tr\u00e1mite en l\u00ednea dentro del mismo proceso.<\/li>\n\n\n\n<li><strong>Dos (2) fotos carn\u00e9 recientes y a color<\/strong>: Las fotos deben ser recientes, en color, y con un tama\u00f1o aproximado de 2,5 cm x 2,5 cm.<\/li>\n<\/ol>\n\n\n\n<p><strong>Nota<\/strong>: Si se trata de una renovaci\u00f3n, el solicitante debe presentar el porte de arma anterior y una fotocopia del mismo.<\/p>\n\n\n\n<h4 class=\"wp-block-heading has-accent-color has-text-color has-link-color wp-elements-5298a7e59d7c40875e4e3418a2d90a0f\">Otros datos de inter\u00e9s:<\/h4>\n\n\n\n<ul class=\"wp-block-list\">\n<li>El <strong>Porte de Armas<\/strong> autoriza al titular a portar \u00fanicamente un arma corta o de pu\u00f1o de las que posee, dentro de los calibres autorizados por la legislaci\u00f3n vigente.<\/li>\n<\/ul>\n\n\n\n<p><\/p>\n","protected":false},"excerpt":{"rendered":"<p>Solicitud de Permiso para Porte de Armas Cortas El Porte de Armas es la solicitud que realiza un ciudadano ante el Ministerio del Interior para obtener el permiso de portar un arma corta (de pu\u00f1o) de su propiedad. Este permiso permite al titular transportar el arma en espacios p\u00fablicos, bajo las condiciones y normativas establecidas [&hellip;]<\/p>\n","protected":false},"author":2,"featured_media":0,"parent":0,"menu_order":0,"comment_status":"closed","ping_status":"closed","template":"","meta":{"footnotes":""},"class_list":["post-273","page","type-page","status-publish","hentry"],"_links":{"self":[{"href":"https:\/\/www.tiropunta.com\/index.php?rest_route=\/wp\/v2\/pages\/273","targetHints":{"allow":["GET"]}}],"collection":[{"href":"https:\/\/www.tiropunta.com\/index.php?rest_route=\/wp\/v2\/pages"}],"about":[{"href":"https:\/\/www.tiropunta.com\/index.php?rest_route=\/wp\/v2\/types\/page"}],"author":[{"embeddable":true,"href":"https:\/\/www.tiropunta.com\/index.php?rest_route=\/wp\/v2\/users\/2"}],"replies":[{"embeddable":true,"href":"https:\/\/www.tiropunta.com\/index.php?rest_route=%2Fwp%2Fv2%2Fcomments&post=273"}],"version-history":[{"count":3,"href":"https:\/\/www.tiropunta.com\/index.php?rest_route=\/wp\/v2\/pages\/273\/revisions"}],"predecessor-version":[{"id":437,"href":"https:\/\/www.tiropunta.com\/index.php?rest_route=\/wp\/v2\/pages\/273\/revisions\/437"}],"wp:attachment":[{"href":"https:\/\/www.tiropunta.com\/index.php?rest_route=%2Fwp%2Fv2%2Fmedia&parent=273"}],"curies":[{"name":"wp","href":"https:\/\/api.w.org\/{rel}","templated":true}]}}