{"id":271,"date":"2024-12-12T10:56:46","date_gmt":"2024-12-12T13:56:46","guid":{"rendered":"http:\/\/localhost\/tiropunta\/?page_id=271"},"modified":"2025-01-08T16:32:27","modified_gmt":"2025-01-08T19:32:27","slug":"thata","status":"publish","type":"page","link":"https:\/\/www.tiropunta.com\/?page_id=271","title":{"rendered":"Thata"},"content":{"rendered":"\n<h3 class=\"wp-block-heading has-accent-color has-text-color has-link-color wp-elements-f9792f4770446b462e5cdc8653db9530\">Solicitud de Autorizaci\u00f3n para la Adquisici\u00f3n de Armas de Fuego<\/h3>\n\n\n\n<p>El <strong>THATA<\/strong> (Tr\u00e1mite para la Autorizaci\u00f3n de Tenencia de Armas de Fuego) es el procedimiento que deben seguir todas las personas mayores de 18 a\u00f1os que deseen adquirir armas de fuego en el pa\u00eds. Este tr\u00e1mite tiene como objetivo garantizar que los solicitantes cumplan con los requisitos de seguridad, idoneidad y aptitud para poseer un arma de fuego.<\/p>\n\n\n\n<h4 class=\"wp-block-heading has-accent-color has-text-color has-link-color wp-elements-10f99bbc12d7067f94bf078e45db4607\">Requisitos para la solicitud del THATA:<\/h4>\n\n\n\n<ol class=\"wp-block-list\">\n<li><strong>Constancia de domicilio<\/strong>: Un documento oficial que acredite la residencia del solicitante en el pa\u00eds.<\/li>\n\n\n\n<li><strong>Certificado de antecedentes judiciales<\/strong>: Un informe que acredite que la persona no tiene antecedentes penales.<\/li>\n\n\n\n<li><strong>Fotocopia de la C\u00e9dula de Identidad<\/strong>: Documento de identificaci\u00f3n personal.<\/li>\n\n\n\n<li><strong>Fotocopia de carn\u00e9 de tenencia (en caso de renovaci\u00f3n)<\/strong>: Si ya se tiene un carn\u00e9 de tenencia de armas de fuego, es necesario presentar una fotocopia.<\/li>\n\n\n\n<li><strong>Certificado de aptitud ps\u00edquica y f\u00edsica<\/strong>: Este certificado debe ser emitido por profesionales m\u00e9dicos y psic\u00f3logos habilitados, o por instituciones de salud autorizadas por el Ministerio de Salud P\u00fablica.<\/li>\n\n\n\n<li><strong>Constancia de ingresos<\/strong>:\n<ul class=\"wp-block-list\">\n<li>Si es trabajador dependiente: Se debe presentar el recibo de sueldo.<\/li>\n\n\n\n<li>Si es trabajador independiente: Es necesario presentar un certificado emitido por un escribano p\u00fablico o contador p\u00fablico que acredite los ingresos de los \u00faltimos doce meses previos a la solicitud.<\/li>\n<\/ul>\n<\/li>\n\n\n\n<li><strong>2 fotos carn\u00e9 a color<\/strong>: Recientes, con un tama\u00f1o aproximado de 2,5 cm x 2,5 cm. <strong>Estas fotos las tomamos en el pol\u00ecgono<\/strong><\/li>\n<\/ol>\n\n\n\n<h4 class=\"wp-block-heading has-accent-color has-text-color has-link-color wp-elements-083797c80f2dea27f42346e2a18bb119\">En caso de ser la primera solicitud:<\/h4>\n\n\n\n<p>Si el THATA se tramita por primera vez, el solicitante deber\u00e1 cumplir con un requisito adicional:<\/p>\n\n\n\n<ul class=\"wp-block-list\">\n<li><strong>Certificado de idoneidad en el manejo de armas<\/strong>: Este certificado debe ser expedido por los centros de capacitaci\u00f3n habilitados conforme a la legislaci\u00f3n vigente. Este documento garantiza que el solicitante tiene el conocimiento y las habilidades necesarias para manejar un arma de fuego de manera segura.<\/li>\n<\/ul>\n","protected":false},"excerpt":{"rendered":"<p>Solicitud de Autorizaci\u00f3n para la Adquisici\u00f3n de Armas de Fuego El THATA (Tr\u00e1mite para la Autorizaci\u00f3n de Tenencia de Armas de Fuego) es el procedimiento que deben seguir todas las personas mayores de 18 a\u00f1os que deseen adquirir armas de fuego en el pa\u00eds. Este tr\u00e1mite tiene como objetivo garantizar que los solicitantes cumplan con [&hellip;]<\/p>\n","protected":false},"author":2,"featured_media":0,"parent":0,"menu_order":0,"comment_status":"closed","ping_status":"closed","template":"","meta":{"footnotes":""},"class_list":["post-271","page","type-page","status-publish","hentry"],"_links":{"self":[{"href":"https:\/\/www.tiropunta.com\/index.php?rest_route=\/wp\/v2\/pages\/271","targetHints":{"allow":["GET"]}}],"collection":[{"href":"https:\/\/www.tiropunta.com\/index.php?rest_route=\/wp\/v2\/pages"}],"about":[{"href":"https:\/\/www.tiropunta.com\/index.php?rest_route=\/wp\/v2\/types\/page"}],"author":[{"embeddable":true,"href":"https:\/\/www.tiropunta.com\/index.php?rest_route=\/wp\/v2\/users\/2"}],"replies":[{"embeddable":true,"href":"https:\/\/www.tiropunta.com\/index.php?rest_route=%2Fwp%2Fv2%2Fcomments&post=271"}],"version-history":[{"count":3,"href":"https:\/\/www.tiropunta.com\/index.php?rest_route=\/wp\/v2\/pages\/271\/revisions"}],"predecessor-version":[{"id":438,"href":"https:\/\/www.tiropunta.com\/index.php?rest_route=\/wp\/v2\/pages\/271\/revisions\/438"}],"wp:attachment":[{"href":"https:\/\/www.tiropunta.com\/index.php?rest_route=%2Fwp%2Fv2%2Fmedia&parent=271"}],"curies":[{"name":"wp","href":"https:\/\/api.w.org\/{rel}","templated":true}]}}