{"id":11,"date":"2024-12-11T11:13:39","date_gmt":"2024-12-11T14:13:39","guid":{"rendered":"http:\/\/localhost\/tiropunta\/?page_id=11"},"modified":"2026-03-30T16:18:21","modified_gmt":"2026-03-30T19:18:21","slug":"inicio","status":"publish","type":"page","link":"https:\/\/www.tiropunta.com\/","title":{"rendered":"Club de Tiro Punta del Este"},"content":{"rendered":"\n<p class=\"has-normal-font-size\"><\/p>\n\n\n<div id=\"metaslider-id-160\" style=\"width: 100%;\" class=\"ml-slider-3-108-0 metaslider metaslider-flex metaslider-160 ml-slider ms-theme-default-base nav-hidden\" role=\"region\" aria-label=\"New Slideshow\" data-height=\"500\" data-width=\"2000\">\n    <div id=\"metaslider_container_160\">\n        <div id=\"metaslider_160\">\n            <ul class='slides'>\n                <li style=\"display: block; width: 100%;\" class=\"slide-161 ms-image \" aria-roledescription=\"slide\" data-date=\"2024-12-12 08:20:06\" data-filename=\"8-1920x479.jpg\" data-slide-type=\"image\"><img loading=\"lazy\" decoding=\"async\" src=\"https:\/\/www.tiropunta.com\/wp-content\/uploads\/2024\/12\/8-1920x479.jpg\" height=\"500\" width=\"2000\" alt=\"\" class=\"slider-160 slide-161 msDefaultImage\" title=\"Club de Tiro Punta del Este - Entrenamientos civil\" \/><\/li>\n                <li style=\"display: none; width: 100%;\" class=\"slide-162 ms-image \" aria-roledescription=\"slide\" data-date=\"2024-12-12 08:20:06\" data-filename=\"7-1920x479.jpg\" data-slide-type=\"image\"><img loading=\"lazy\" decoding=\"async\" src=\"https:\/\/www.tiropunta.com\/wp-content\/uploads\/2024\/12\/7-1920x479.jpg\" height=\"500\" width=\"2000\" alt=\"\" class=\"slider-160 slide-162 msDefaultImage\" title=\"Club de Tiro Punta del Este - Entrenamientos gubernamentales\" \/><\/li>\n                <li style=\"display: none; width: 100%;\" class=\"slide-163 ms-image \" aria-roledescription=\"slide\" data-date=\"2024-12-12 08:20:06\" data-filename=\"6-1920x479.jpg\" data-slide-type=\"image\"><img loading=\"lazy\" decoding=\"async\" src=\"https:\/\/www.tiropunta.com\/wp-content\/uploads\/2024\/12\/6-1920x479.jpg\" height=\"500\" width=\"2000\" alt=\"\" class=\"slider-160 slide-163 msDefaultImage\" title=\"Club de Tiro Punta del Este - Torneos\" \/><\/li>\n                <li style=\"display: none; width: 100%;\" class=\"slide-164 ms-image \" aria-roledescription=\"slide\" data-date=\"2024-12-12 08:20:06\" data-filename=\"5-1920x479.jpg\" data-slide-type=\"image\"><img loading=\"lazy\" decoding=\"async\" src=\"https:\/\/www.tiropunta.com\/wp-content\/uploads\/2024\/12\/5-1920x479.jpg\" height=\"500\" width=\"2000\" alt=\"\" class=\"slider-160 slide-164 msDefaultImage\" title=\"Club de Tiro Punta del Este - Entrenamiento\" \/><\/li>\n                <li style=\"display: none; width: 100%;\" class=\"slide-165 ms-image \" aria-roledescription=\"slide\" data-date=\"2024-12-12 08:20:07\" data-filename=\"4-1920x479.jpg\" data-slide-type=\"image\"><img loading=\"lazy\" decoding=\"async\" src=\"https:\/\/www.tiropunta.com\/wp-content\/uploads\/2024\/12\/4-1920x479.jpg\" height=\"500\" width=\"2000\" alt=\"\" class=\"slider-160 slide-165 msDefaultImage\" title=\"Club de Tiro Punta del Este - Club Social\" \/><\/li>\n                <li style=\"display: none; width: 100%;\" class=\"slide-166 ms-image \" aria-roledescription=\"slide\" data-date=\"2024-12-12 08:20:07\" data-filename=\"3-1920x479.jpg\" data-slide-type=\"image\"><img loading=\"lazy\" decoding=\"async\" src=\"https:\/\/www.tiropunta.com\/wp-content\/uploads\/2024\/12\/3-1920x479.jpg\" height=\"500\" width=\"2000\" alt=\"\" class=\"slider-160 slide-166 msDefaultImage\" title=\"Club de Tiro Punta del Este - Tiro Practico\" \/><\/li>\n                <li style=\"display: none; width: 100%;\" class=\"slide-167 ms-image \" aria-roledescription=\"slide\" data-date=\"2024-12-12 08:20:07\" data-filename=\"2-1920x479.jpg\" data-slide-type=\"image\"><img loading=\"lazy\" decoding=\"async\" src=\"https:\/\/www.tiropunta.com\/wp-content\/uploads\/2024\/12\/2-1920x479.jpg\" height=\"500\" width=\"2000\" alt=\"\" class=\"slider-160 slide-167 msDefaultImage\" title=\"Club de Tiro Punta del Este - Instalaciones - Pedanas\" \/><\/li>\n                <li style=\"display: none; width: 100%;\" class=\"slide-168 ms-image \" aria-roledescription=\"slide\" data-date=\"2024-12-12 08:20:07\" data-filename=\"1-1920x479.jpg\" data-slide-type=\"image\"><img loading=\"lazy\" decoding=\"async\" src=\"https:\/\/www.tiropunta.com\/wp-content\/uploads\/2024\/12\/1-1920x479.jpg\" height=\"500\" width=\"2000\" alt=\"\" class=\"slider-160 slide-168 msDefaultImage\" title=\"Club de Tiro Punta del Este - Sig Sauer\" \/><\/li>\n            <\/ul>\n        <\/div>\n        \n    <\/div>\n<\/div>\n\n\n\n<hr class=\"wp-block-separator has-alpha-channel-opacity is-style-wide\"\/>\n\n\n\n<figure class=\"wp-block-video alignfull\"><video height=\"300\" style=\"aspect-ratio: 1980 \/ 300;\" width=\"1980\" autoplay loop muted src=\"https:\/\/www.tiropunta.com\/wp-content\/uploads\/2026\/03\/Copia-de-Copia-de-Copia-de-Vuelta-a-clases-3.mp4\" playsinline><\/video><\/figure>\n\n\n\n<div class=\"wp-block-columns is-layout-flex wp-container-core-columns-is-layout-9d6595d7 wp-block-columns-is-layout-flex\">\n<div class=\"wp-block-column is-layout-flow wp-block-column-is-layout-flow\">\n<h1 class=\"wp-block-heading has-text-align-center has-text-color has-link-color has-large-font-size wp-elements-f3f398cdd0a8498ce948563cf2ae949c\" style=\"color:#c33e12\">POLIGONO<\/h1>\n\n\n\n<figure class=\"wp-block-image size-large\"><img loading=\"lazy\" decoding=\"async\" width=\"1024\" height=\"576\" src=\"http:\/\/localhost\/tiropunta\/wp-content\/uploads\/2024\/12\/2-1024x576.jpg\" alt=\"\" class=\"wp-image-149\" srcset=\"https:\/\/www.tiropunta.com\/wp-content\/uploads\/2024\/12\/2-1024x576.jpg 1024w, https:\/\/www.tiropunta.com\/wp-content\/uploads\/2024\/12\/2-600x338.jpg 600w, https:\/\/www.tiropunta.com\/wp-content\/uploads\/2024\/12\/2-300x169.jpg 300w, https:\/\/www.tiropunta.com\/wp-content\/uploads\/2024\/12\/2-768x432.jpg 768w, https:\/\/www.tiropunta.com\/wp-content\/uploads\/2024\/12\/2-1536x864.jpg 1536w, https:\/\/www.tiropunta.com\/wp-content\/uploads\/2024\/12\/2-1200x675.jpg 1200w, https:\/\/www.tiropunta.com\/wp-content\/uploads\/2024\/12\/2-888x500.jpg 888w, https:\/\/www.tiropunta.com\/wp-content\/uploads\/2024\/12\/2-620x349.jpg 620w, https:\/\/www.tiropunta.com\/wp-content\/uploads\/2024\/12\/2-400x225.jpg 400w, https:\/\/www.tiropunta.com\/wp-content\/uploads\/2024\/12\/2.jpg 1920w\" sizes=\"auto, (max-width: 1024px) 100vw, 1024px\" \/><\/figure>\n\n\n\n<p><strong>Punta del Este Shooting Range<\/strong> es el \u00fanico pol\u00edgono de tiro autorizado en el este del pa\u00eds. Ubicado a solo 15 km del centro de la ciudad, en la Ruta 39 km 12.500, ingresando por el camino Las Rosas, ofrece una experiencia \u00fanica para lugare\u00f1os y turistas.<\/p>\n\n\n\n<p>En <strong>Punta del Este Shooting Range<\/strong>, puedes disfrutar de una amplia variedad de armas de fuego, disponibles tanto en paquetes como a la carta. Vive la adrenalina de disparar en un entorno seguro y privado, siempre bajo la supervisi\u00f3n de profesionales capacitados.<\/p>\n<\/div>\n\n\n\n<div class=\"wp-block-column is-layout-flow wp-block-column-is-layout-flow\">\n<h1 class=\"wp-block-heading has-text-align-center has-text-color has-link-color has-large-font-size wp-elements-b1264b0f98528d287f1effd1c0e8c1ce\" style=\"color:#c33e12\">ARMERIA<\/h1>\n\n\n\n<figure class=\"wp-block-image size-full\"><img loading=\"lazy\" decoding=\"async\" width=\"1920\" height=\"1080\" src=\"http:\/\/localhost\/tiropunta\/wp-content\/uploads\/2024\/12\/1.jpg\" alt=\"\" class=\"wp-image-148\" srcset=\"https:\/\/www.tiropunta.com\/wp-content\/uploads\/2024\/12\/1.jpg 1920w, https:\/\/www.tiropunta.com\/wp-content\/uploads\/2024\/12\/1-600x338.jpg 600w, https:\/\/www.tiropunta.com\/wp-content\/uploads\/2024\/12\/1-300x169.jpg 300w, https:\/\/www.tiropunta.com\/wp-content\/uploads\/2024\/12\/1-1024x576.jpg 1024w, https:\/\/www.tiropunta.com\/wp-content\/uploads\/2024\/12\/1-768x432.jpg 768w, https:\/\/www.tiropunta.com\/wp-content\/uploads\/2024\/12\/1-1536x864.jpg 1536w, https:\/\/www.tiropunta.com\/wp-content\/uploads\/2024\/12\/1-1200x675.jpg 1200w, https:\/\/www.tiropunta.com\/wp-content\/uploads\/2024\/12\/1-888x500.jpg 888w, https:\/\/www.tiropunta.com\/wp-content\/uploads\/2024\/12\/1-620x349.jpg 620w, https:\/\/www.tiropunta.com\/wp-content\/uploads\/2024\/12\/1-400x225.jpg 400w\" sizes=\"auto, (max-width: 1920px) 100vw, 1920px\" \/><\/figure>\n\n\n\n<p><strong>Ventas<\/strong>: Ofrecemos los mismos precios competitivos que en Montevideo y gestionamos las gu\u00edas de las armas que vendemos.<\/p>\n\n\n\n<p class=\"has-primary-color has-text-color has-link-color wp-elements-f83eedb198e457a3396d0777e2a771dc\"><strong>Cotizaci\u00f3n<\/strong>: Elige el producto de nuestra p\u00e1gina y solicita una cotizaci\u00f3n personalizada.<\/p>\n\n\n\n<p class=\"has-primary-color has-text-color has-link-color wp-elements-d2f3c2e98dba77128908653cfea4bf50\"><strong>Armas<\/strong>: Comercializamos armas de todas las marcas representadas en el pa\u00eds, al mismo precio que en Montevideo. Aunque no mantenemos un stock permanente, podemos tener las armas disponibles en nuestras instalaciones en 24 horas.<\/p>\n\n\n\n<p><strong>Pruebas<\/strong>: Con previa coordinaci\u00f3n, disponemos de algunos modelos de armas para que los clientes puedan probarlas antes de decidir cu\u00e1l comprar.<\/p>\n<\/div>\n\n\n\n<div class=\"wp-block-column is-layout-flow wp-block-column-is-layout-flow\">\n<h1 class=\"wp-block-heading has-text-align-center has-text-color has-link-color has-large-font-size wp-elements-4076971724afd91f9933446adc3719cf\" style=\"color:#c33e12\">CURSOS<\/h1>\n\n\n\n<figure class=\"wp-block-image size-full\"><img loading=\"lazy\" decoding=\"async\" width=\"1920\" height=\"1080\" src=\"http:\/\/localhost\/tiropunta\/wp-content\/uploads\/2024\/12\/3.jpg\" alt=\"\" class=\"wp-image-150\" srcset=\"https:\/\/www.tiropunta.com\/wp-content\/uploads\/2024\/12\/3.jpg 1920w, https:\/\/www.tiropunta.com\/wp-content\/uploads\/2024\/12\/3-600x338.jpg 600w, https:\/\/www.tiropunta.com\/wp-content\/uploads\/2024\/12\/3-300x169.jpg 300w, https:\/\/www.tiropunta.com\/wp-content\/uploads\/2024\/12\/3-1024x576.jpg 1024w, https:\/\/www.tiropunta.com\/wp-content\/uploads\/2024\/12\/3-768x432.jpg 768w, https:\/\/www.tiropunta.com\/wp-content\/uploads\/2024\/12\/3-1536x864.jpg 1536w, https:\/\/www.tiropunta.com\/wp-content\/uploads\/2024\/12\/3-1200x675.jpg 1200w, https:\/\/www.tiropunta.com\/wp-content\/uploads\/2024\/12\/3-888x500.jpg 888w, https:\/\/www.tiropunta.com\/wp-content\/uploads\/2024\/12\/3-620x349.jpg 620w, https:\/\/www.tiropunta.com\/wp-content\/uploads\/2024\/12\/3-400x225.jpg 400w\" sizes=\"auto, (max-width: 1920px) 100vw, 1920px\" \/><\/figure>\n\n\n\n<p><strong>Cursos de \u00c1rea Civil<\/strong>:<\/p>\n\n\n\n<ul class=\"wp-block-list\">\n<li><strong>Para T.H.A.T.A y porte de armas<\/strong>: Formaci\u00f3n completa para la obtenci\u00f3n del porte de armas.<\/li>\n\n\n\n<li><strong>Tiro Pr\u00e1ctico<\/strong>: Cursos de tiro pr\u00e1ctico para mejorar tu precisi\u00f3n y habilidades.<\/li>\n\n\n\n<li><strong>Seguridad Dom\u00e9stica<\/strong>: Aprende t\u00e9cnicas de seguridad para proteger tu hogar.<\/li>\n\n\n\n<li><strong>Orientaci\u00f3n<\/strong>: Cursos para mejorar tus habilidades de navegaci\u00f3n y orientaci\u00f3n.<\/li>\n\n\n\n<li><strong>Supervivencia<\/strong>: Entrenamiento en t\u00e9cnicas de supervivencia en diversas situaciones.<\/li>\n<\/ul>\n\n\n\n<p><strong>Cursos de \u00c1rea Gubernamental<\/strong>:<\/p>\n\n\n\n<p><strong>Coordinaci\u00f3n con instituciones estatales<\/strong>: Brindamos espacio y recursos para desarrollar cursos especiales en conjunto con entidades gubernamental<\/p>\n<\/div>\n<\/div>\n\n\n\n<hr class=\"wp-block-separator has-alpha-channel-opacity is-style-wide\"\/>\n\n\n\n<div class=\"wp-block-media-text is-stacked-on-mobile\"><figure class=\"wp-block-media-text__media\"><img loading=\"lazy\" decoding=\"async\" width=\"1024\" height=\"576\" src=\"https:\/\/www.tiropunta.com\/wp-content\/uploads\/2024\/12\/Presentacion-Seguimiento-de-noticias-en-medios-escritos-newspaper-blanco-y-negro-1024x576.jpg\" alt=\"\" class=\"wp-image-76 size-full\" srcset=\"https:\/\/www.tiropunta.com\/wp-content\/uploads\/2024\/12\/Presentacion-Seguimiento-de-noticias-en-medios-escritos-newspaper-blanco-y-negro-1024x576.jpg 1024w, https:\/\/www.tiropunta.com\/wp-content\/uploads\/2024\/12\/Presentacion-Seguimiento-de-noticias-en-medios-escritos-newspaper-blanco-y-negro-600x338.jpg 600w, https:\/\/www.tiropunta.com\/wp-content\/uploads\/2024\/12\/Presentacion-Seguimiento-de-noticias-en-medios-escritos-newspaper-blanco-y-negro-300x169.jpg 300w, https:\/\/www.tiropunta.com\/wp-content\/uploads\/2024\/12\/Presentacion-Seguimiento-de-noticias-en-medios-escritos-newspaper-blanco-y-negro-768x432.jpg 768w, https:\/\/www.tiropunta.com\/wp-content\/uploads\/2024\/12\/Presentacion-Seguimiento-de-noticias-en-medios-escritos-newspaper-blanco-y-negro-1536x864.jpg 1536w, https:\/\/www.tiropunta.com\/wp-content\/uploads\/2024\/12\/Presentacion-Seguimiento-de-noticias-en-medios-escritos-newspaper-blanco-y-negro-1200x675.jpg 1200w, https:\/\/www.tiropunta.com\/wp-content\/uploads\/2024\/12\/Presentacion-Seguimiento-de-noticias-en-medios-escritos-newspaper-blanco-y-negro.jpg 1920w\" sizes=\"auto, (max-width: 1024px) 100vw, 1024px\" \/><\/figure><div class=\"wp-block-media-text__content\">\n<h2 class=\"wp-block-heading has-text-color has-link-color wp-elements-75178d82b589a89c5a412cde7e021e9a\" style=\"color:#c33e12\">Lo \u00daltimo en el Pol\u00edgono<\/h2>\n\n\n\n<p>Descubre las \u00faltimas noticias  del Club de Tiro Punta del Este.<\/p>\n\n\n\n<p><\/p>\n\n\n<ul class=\"wp-block-latest-posts__list wp-block-latest-posts\"><li><a class=\"wp-block-latest-posts__post-title\" href=\"https:\/\/www.tiropunta.com\/?p=519\">Torneo a beneficio de la Fundaci\u00f3n Canard<\/a><\/li>\n<li><a class=\"wp-block-latest-posts__post-title\" href=\"https:\/\/www.tiropunta.com\/?p=503\">4ta Fecha Campeonato Uruguayo 2025<\/a><\/li>\n<li><a class=\"wp-block-latest-posts__post-title\" href=\"https:\/\/www.tiropunta.com\/?p=488\">3ra Fecha Campeonato Uruguayo 2025<\/a><\/li>\n<li><a class=\"wp-block-latest-posts__post-title\" href=\"https:\/\/www.tiropunta.com\/?p=472\">2da Fecha Campeonato Uruguayo 2025<\/a><\/li>\n<li><a class=\"wp-block-latest-posts__post-title\" href=\"https:\/\/www.tiropunta.com\/?p=444\">1era Fecha Campeonato Uruguayo 2025<\/a><\/li>\n<\/ul>\n\n\n<div class=\"wp-block-buttons is-layout-flex wp-block-buttons-is-layout-flex\">\n<div class=\"wp-block-button\"><a class=\"wp-block-button__link has-background wp-element-button\" href=\"https:\/\/www.tiropunta.com\/?page_id=339\" style=\"background-color:#c33e12\">Ver M\u00e1s<\/a><\/div>\n<\/div>\n<\/div><\/div>\n\n\n\n<hr class=\"wp-block-separator has-alpha-channel-opacity is-style-wide\"\/>\n\n\n\n<div class=\"wp-block-columns is-layout-flex wp-container-core-columns-is-layout-9d6595d7 wp-block-columns-is-layout-flex\">\n<div class=\"wp-block-column is-layout-flow wp-block-column-is-layout-flow\" style=\"flex-basis:66.66%\">\n<iframe src=\"https:\/\/www.google.com\/maps\/embed?pb=!1m18!1m12!1m3!1d3274.8085183789126!2d-54.963266700000005!3d-34.83590660000001!2m3!1f0!2f0!3f0!3m2!1i1024!2i768!4f13.1!3m3!1m2!1s0x9575176240da7f59%3A0x343df2f67edb46b9!2sClub%20de%20Tiro%20Punta%20del%20Este!5e0!3m2!1ses!2suy!4v1733930215224!5m2!1ses!2suy\" width=\"600\" height=\"450\" style=\"border:0;\" allowfullscreen=\"\" loading=\"lazy\" referrerpolicy=\"no-referrer-when-downgrade\"><\/iframe>\n<\/div>\n\n\n\n<div class=\"wp-block-column is-layout-flow wp-block-column-is-layout-flow\" style=\"flex-basis:33.33%\">\n<h2 class=\"wp-block-heading has-text-color has-link-color wp-elements-3766119bb8b1a97aef9efc09bf8c12fc\" style=\"color:#c33e12\">Ven y Descubre Nuestro Pol\u00edgono<\/h2>\n\n\n\n<p>Te invitamos a visitar nuestro pol\u00edgono de tiro en Punta del Este, un lugar \u00fanico para los amantes del tiro practico.<\/p>\n\n\n\n<p>Disfruta de la tranquilidad y belleza del entorno mientras aprendes y\/o perfeccionas tus habilidades en un espacio especialmente dise\u00f1ado para tu seguridad y confort.<\/p>\n\n\n\n<p><\/p>\n<\/div>\n<\/div>\n\n\n\n<hr class=\"wp-block-separator has-alpha-channel-opacity is-style-wide\"\/>\n\n\n\n<div class=\"wp-block-columns is-layout-flex wp-container-core-columns-is-layout-9d6595d7 wp-block-columns-is-layout-flex\">\n<div class=\"wp-block-column is-layout-flow wp-block-column-is-layout-flow\"><style id=\"wpforms-css-vars-279-block-7598ecdc-37f0-4104-8600-ebdb909efbdd\">\n\t\t\t\t#wpforms-279.wpforms-block-7598ecdc-37f0-4104-8600-ebdb909efbdd {\n\t\t\t\t--wpforms-label-color: #262626;\n--wpforms-label-sublabel-color: #7f7f7f;\n--wpforms-label-error-color: #ff0000;\n--wpforms-page-break-color: #dddddd;\n--wpforms-field-border-radius: 0px;\n--wpforms-field-border-color: #cccccc;\n--wpforms-field-border-color-spare: #cccccc;\n--wpforms-field-text-color: #444444;\n--wpforms-button-border-style: solid;\n--wpforms-button-border-radius: 0px;\n--wpforms-button-background-color: #dd3817;\n--wpforms-button-border-color: #cccccc;\n--wpforms-field-size-input-height: 43px;\n--wpforms-field-size-input-spacing: 15px;\n--wpforms-field-size-font-size: 16px;\n--wpforms-field-size-line-height: 19px;\n--wpforms-field-size-padding-h: 14px;\n--wpforms-field-size-checkbox-size: 16px;\n--wpforms-field-size-sublabel-spacing: 5px;\n--wpforms-field-size-icon-size: 1;\n--wpforms-label-size-font-size: 14px;\n--wpforms-label-size-line-height: 17px;\n--wpforms-label-size-sublabel-font-size: 13px;\n--wpforms-label-size-sublabel-line-height: 16px;\n--wpforms-button-size-font-size: 17px;\n--wpforms-button-size-height: 41px;\n--wpforms-button-size-padding-h: 15px;\n--wpforms-button-size-margin-top: 10px;\n\t\t\t}\n\t\t\t<\/style><div class=\"wpforms-container wpforms-container-full wpforms-block wpforms-block-7598ecdc-37f0-4104-8600-ebdb909efbdd wpforms-render-modern\" id=\"wpforms-279\"><form id=\"wpforms-form-279\" class=\"wpforms-validate wpforms-form wpforms-ajax-form\" data-formid=\"279\" method=\"post\" enctype=\"multipart\/form-data\" action=\"\/index.php?rest_route=%2Fwp%2Fv2%2Fpages%2F11\" data-token=\"ad5e6eae9fb9d59b0079a4d97819a441\" data-token-time=\"1778068671\"><noscript class=\"wpforms-error-noscript\">Por favor, activa JavaScript en tu navegador para completar este formulario.<\/noscript><div id=\"wpforms-error-noscript\" style=\"display: none;\">Por favor, activa JavaScript en tu navegador para completar este formulario.<\/div><div class=\"wpforms-field-container\">\t\t<div id=\"wpforms-279-field_4-container\"\n\t\t\tclass=\"wpforms-field wpforms-field-text\"\n\t\t\tdata-field-type=\"text\"\n\t\t\tdata-field-id=\"4\"\n\t\t\t>\n\t\t\t<label class=\"wpforms-field-label\" for=\"wpforms-279-field_4\" >Nombre Mensaje Completo<\/label>\n\t\t\t<input type=\"text\" id=\"wpforms-279-field_4\" class=\"wpforms-field-medium\" name=\"wpforms[fields][4]\" >\n\t\t<\/div>\n\t\t<div id=\"wpforms-279-field_1-container\" class=\"wpforms-field wpforms-field-name\" data-field-id=\"1\"><label class=\"wpforms-field-label\" for=\"wpforms-279-field_1\">Nombre Completo <span class=\"wpforms-required-label\" aria-hidden=\"true\">*<\/span><\/label><input type=\"text\" id=\"wpforms-279-field_1\" class=\"wpforms-field-medium wpforms-field-required\" name=\"wpforms[fields][1]\" aria-errormessage=\"wpforms-279-field_1-error\" required><\/div><div id=\"wpforms-279-field_2-container\" class=\"wpforms-field wpforms-field-email\" data-field-id=\"2\"><label class=\"wpforms-field-label\" for=\"wpforms-279-field_2\">Email <span class=\"wpforms-required-label\" aria-hidden=\"true\">*<\/span><\/label><input type=\"email\" id=\"wpforms-279-field_2\" class=\"wpforms-field-medium wpforms-field-required\" name=\"wpforms[fields][2]\" spellcheck=\"false\" aria-errormessage=\"wpforms-279-field_2-error\" required><\/div><div id=\"wpforms-279-field_3-container\" class=\"wpforms-field wpforms-field-textarea\" data-field-id=\"3\"><label class=\"wpforms-field-label\" for=\"wpforms-279-field_3\">Mensaje<\/label><textarea id=\"wpforms-279-field_3\" class=\"wpforms-field-medium\" name=\"wpforms[fields][3]\" aria-errormessage=\"wpforms-279-field_3-error\" ><\/textarea><\/div><script>\n\t\t\t\t( function() {\n\t\t\t\t\tconst style = document.createElement( 'style' );\n\t\t\t\t\tstyle.appendChild( document.createTextNode( '#wpforms-279-field_4-container { position: absolute !important; overflow: hidden !important; display: inline !important; height: 1px !important; width: 1px !important; z-index: -1000 !important; padding: 0 !important; } #wpforms-279-field_4-container input { visibility: hidden; } #wpforms-conversational-form-page #wpforms-279-field_4-container label { counter-increment: none; }' ) );\n\t\t\t\t\tdocument.head.appendChild( style );\n\t\t\t\t\tdocument.currentScript?.remove();\n\t\t\t\t} )();\n\t\t\t<\/script><\/div><!-- .wpforms-field-container --><div class=\"wpforms-submit-container\" ><input type=\"hidden\" name=\"wpforms[id]\" value=\"279\"><input type=\"hidden\" name=\"page_title\" value=\"\"><input type=\"hidden\" name=\"page_url\" value=\"https:\/\/www.tiropunta.com\/index.php?rest_route=\/wp\/v2\/pages\/11\"><input type=\"hidden\" name=\"url_referer\" value=\"\"><button type=\"submit\" name=\"wpforms[submit]\" id=\"wpforms-submit-279\" class=\"wpforms-submit\" data-alt-text=\"Enviando...\" data-submit-text=\"Enviar\" aria-live=\"assertive\" value=\"wpforms-submit\">Enviar<\/button><img loading=\"lazy\" decoding=\"async\" src=\"https:\/\/www.tiropunta.com\/wp-content\/plugins\/wpforms-lite\/assets\/images\/submit-spin.svg\" class=\"wpforms-submit-spinner\" style=\"display: none;\" width=\"26\" height=\"26\" alt=\"Cargando\"><\/div><\/form><\/div>  <!-- .wpforms-container -->\n\n\n<p>\u00a1Estaremos encantados de ayudarte!<\/p>\n<\/div>\n\n\n\n<div class=\"wp-block-column is-layout-flow wp-block-column-is-layout-flow\">\n<h2 class=\"wp-block-heading has-accent-color has-text-color has-link-color wp-elements-cbb8a105d3c8704338bd0c2f19941669\">Contacto<\/h2>\n\n\n\n<p>Para obtener m\u00e1s informaci\u00f3n o realizar consultas, puedes ponerte en contacto con nosotros a trav\u00e9s de los siguientes medios:<\/p>\n\n\n\n<h6 class=\"wp-block-heading\">Tel\u00e9fonos:<\/h6>\n\n\n\n<ul class=\"wp-block-list\">\n<li><strong>+ (598) 42253417<\/strong><\/li>\n\n\n\n<li><strong>+ (598) 91 733 777<\/strong><\/li>\n<\/ul>\n\n\n\n<h6 class=\"wp-block-heading\">E-mail:<\/h6>\n\n\n\n<ul class=\"wp-block-list\">\n<li><strong><a>tiropunta@yahoo.com<\/a><\/strong><\/li>\n<\/ul>\n<\/div>\n\n\n\n<div class=\"wp-block-column is-layout-flow wp-block-column-is-layout-flow\">\n<h6 class=\"wp-block-heading\">Director:<\/h6>\n\n\n\n<ul class=\"wp-block-list\">\n<li><strong>Lic. Juan Ignacio Ballabio<\/strong><\/li>\n<\/ul>\n\n\n\n<h6 class=\"wp-block-heading\">M\u00f3vil:<\/h6>\n\n\n\n<ul class=\"wp-block-list\">\n<li><strong>+ (598) 99 696 457<\/strong><\/li>\n<\/ul>\n\n\n\n<h6 class=\"wp-block-heading\">Horarios de Atenci\u00f3n:<\/h6>\n\n\n\n<ul class=\"wp-block-list\">\n<li><strong>Mi\u00e9rcoles a Domingo<\/strong>: 09:00 a 19:30<\/li>\n\n\n\n<li><strong>Lunes y Martes<\/strong>: Cerrado<\/li>\n<\/ul>\n\n\n\n<p><\/p>\n<\/div>\n<\/div>\n","protected":false},"excerpt":{"rendered":"<p>POLIGONO Punta del Este Shooting Range es el \u00fanico pol\u00edgono de tiro autorizado en el este del pa\u00eds. Ubicado a solo 15 km del centro de la ciudad, en la Ruta 39 km 12.500, ingresando por el camino Las Rosas, ofrece una experiencia \u00fanica para lugare\u00f1os y turistas. En Punta del Este Shooting Range, puedes [&hellip;]<\/p>\n","protected":false},"author":2,"featured_media":0,"parent":0,"menu_order":0,"comment_status":"closed","ping_status":"closed","template":"","meta":{"footnotes":""},"class_list":["post-11","page","type-page","status-publish","hentry"],"_links":{"self":[{"href":"https:\/\/www.tiropunta.com\/index.php?rest_route=\/wp\/v2\/pages\/11","targetHints":{"allow":["GET"]}}],"collection":[{"href":"https:\/\/www.tiropunta.com\/index.php?rest_route=\/wp\/v2\/pages"}],"about":[{"href":"https:\/\/www.tiropunta.com\/index.php?rest_route=\/wp\/v2\/types\/page"}],"author":[{"embeddable":true,"href":"https:\/\/www.tiropunta.com\/index.php?rest_route=\/wp\/v2\/users\/2"}],"replies":[{"embeddable":true,"href":"https:\/\/www.tiropunta.com\/index.php?rest_route=%2Fwp%2Fv2%2Fcomments&post=11"}],"version-history":[{"count":81,"href":"https:\/\/www.tiropunta.com\/index.php?rest_route=\/wp\/v2\/pages\/11\/revisions"}],"predecessor-version":[{"id":580,"href":"https:\/\/www.tiropunta.com\/index.php?rest_route=\/wp\/v2\/pages\/11\/revisions\/580"}],"wp:attachment":[{"href":"https:\/\/www.tiropunta.com\/index.php?rest_route=%2Fwp%2Fv2%2Fmedia&parent=11"}],"curies":[{"name":"wp","href":"https:\/\/api.w.org\/{rel}","templated":true}]}}