{"id":105,"date":"2024-12-11T14:46:35","date_gmt":"2024-12-11T17:46:35","guid":{"rendered":"http:\/\/localhost\/tiropunta\/?page_id=105"},"modified":"2025-01-08T16:33:40","modified_gmt":"2025-01-08T19:33:40","slug":"tramites","status":"publish","type":"page","link":"https:\/\/www.tiropunta.com\/?page_id=105","title":{"rendered":"Tramites"},"content":{"rendered":"\n<hr class=\"wp-block-separator has-alpha-channel-opacity is-style-wide\"\/>\n\n\n\n\n\n<p>En Punta del Este Shooting Range, ofrecemos un servicio completo de <strong>tr\u00e1mites legales<\/strong> relacionados con la posesi\u00f3n y el porte de armas. Sabemos que los procedimientos legales pueden ser complejos, por lo que ponemos a tu disposici\u00f3n nuestra experiencia y conocimiento para que puedas realizar todo el proceso de manera eficiente, segura y conforme a la normativa vigente.<\/p>\n\n\n\n<p>Nos encargamos de gestionar los <strong>tr\u00e1mites para obtener o renovar el T.H.A.T.A.<\/strong>, el <strong>porte de armas<\/strong>, la <strong>gu\u00eda de posesi\u00f3n del arma <\/strong> y otros procedimientos necesarios, facilitando la experiencia para que puedas disfrutar de tu pr\u00e1ctica de tiro o portaci\u00f3n de manera legal y sin complicaciones.<\/p>\n\n\n\n<div class=\"wp-block-columns is-layout-flex wp-container-core-columns-is-layout-9d6595d7 wp-block-columns-is-layout-flex\">\n<div class=\"wp-block-column is-layout-flow wp-block-column-is-layout-flow\">\n<figure class=\"wp-block-image size-full\"><img loading=\"lazy\" decoding=\"async\" width=\"640\" height=\"384\" src=\"http:\/\/localhost\/tiropunta\/wp-content\/uploads\/2024\/12\/thata.jpg\" alt=\"\" class=\"wp-image-125\" srcset=\"https:\/\/www.tiropunta.com\/wp-content\/uploads\/2024\/12\/thata.jpg 640w, https:\/\/www.tiropunta.com\/wp-content\/uploads\/2024\/12\/thata-600x360.jpg 600w, https:\/\/www.tiropunta.com\/wp-content\/uploads\/2024\/12\/thata-300x180.jpg 300w\" sizes=\"auto, (max-width: 640px) 100vw, 640px\" \/><\/figure>\n\n\n\n<div class=\"wp-block-buttons is-content-justification-center is-layout-flex wp-container-core-buttons-is-layout-16018d1d wp-block-buttons-is-layout-flex\">\n<div class=\"wp-block-button\"><a class=\"wp-block-button__link has-accent-background-color has-background wp-element-button\" href=\"https:\/\/www.tiropunta.com\/?page_id=271\">Ver M\u00e1s<\/a><\/div>\n<\/div>\n<\/div>\n\n\n\n<div class=\"wp-block-column is-layout-flow wp-block-column-is-layout-flow\">\n<figure class=\"wp-block-image size-full\"><img loading=\"lazy\" decoding=\"async\" width=\"640\" height=\"384\" src=\"http:\/\/localhost\/tiropunta\/wp-content\/uploads\/2024\/12\/porte.jpg\" alt=\"\" class=\"wp-image-126\" srcset=\"https:\/\/www.tiropunta.com\/wp-content\/uploads\/2024\/12\/porte.jpg 640w, https:\/\/www.tiropunta.com\/wp-content\/uploads\/2024\/12\/porte-600x360.jpg 600w, https:\/\/www.tiropunta.com\/wp-content\/uploads\/2024\/12\/porte-300x180.jpg 300w\" sizes=\"auto, (max-width: 640px) 100vw, 640px\" \/><\/figure>\n\n\n\n<div class=\"wp-block-buttons is-content-justification-center is-layout-flex wp-container-core-buttons-is-layout-16018d1d wp-block-buttons-is-layout-flex\">\n<div class=\"wp-block-button\"><a class=\"wp-block-button__link has-accent-background-color has-background wp-element-button\" href=\"https:\/\/www.tiropunta.com\/?page_id=273\">ver m\u00e1s<\/a><\/div>\n<\/div>\n<\/div>\n\n\n\n<div class=\"wp-block-column is-layout-flow wp-block-column-is-layout-flow\">\n<figure class=\"wp-block-image size-full\"><img loading=\"lazy\" decoding=\"async\" width=\"640\" height=\"384\" src=\"http:\/\/localhost\/tiropunta\/wp-content\/uploads\/2024\/12\/guia.jpg\" alt=\"\" class=\"wp-image-127\" srcset=\"https:\/\/www.tiropunta.com\/wp-content\/uploads\/2024\/12\/guia.jpg 640w, https:\/\/www.tiropunta.com\/wp-content\/uploads\/2024\/12\/guia-600x360.jpg 600w, https:\/\/www.tiropunta.com\/wp-content\/uploads\/2024\/12\/guia-300x180.jpg 300w\" sizes=\"auto, (max-width: 640px) 100vw, 640px\" \/><\/figure>\n\n\n\n<div class=\"wp-block-buttons is-content-justification-center is-layout-flex wp-container-core-buttons-is-layout-16018d1d wp-block-buttons-is-layout-flex\">\n<div class=\"wp-block-button\"><a class=\"wp-block-button__link has-accent-background-color has-background wp-element-button\" href=\"https:\/\/www.tiropunta.com\/?page_id=275\">Ver M\u00e1s<\/a><\/div>\n<\/div>\n<\/div>\n<\/div>\n\n\n\n<p><\/p>\n","protected":false},"excerpt":{"rendered":"<p>En Punta del Este Shooting Range, ofrecemos un servicio completo de tr\u00e1mites legales relacionados con la posesi\u00f3n y el porte de armas. Sabemos que los procedimientos legales pueden ser complejos, por lo que ponemos a tu disposici\u00f3n nuestra experiencia y conocimiento para que puedas realizar todo el proceso de manera eficiente, segura y conforme a [&hellip;]<\/p>\n","protected":false},"author":2,"featured_media":0,"parent":0,"menu_order":0,"comment_status":"closed","ping_status":"closed","template":"","meta":{"footnotes":""},"class_list":["post-105","page","type-page","status-publish","hentry"],"_links":{"self":[{"href":"https:\/\/www.tiropunta.com\/index.php?rest_route=\/wp\/v2\/pages\/105","targetHints":{"allow":["GET"]}}],"collection":[{"href":"https:\/\/www.tiropunta.com\/index.php?rest_route=\/wp\/v2\/pages"}],"about":[{"href":"https:\/\/www.tiropunta.com\/index.php?rest_route=\/wp\/v2\/types\/page"}],"author":[{"embeddable":true,"href":"https:\/\/www.tiropunta.com\/index.php?rest_route=\/wp\/v2\/users\/2"}],"replies":[{"embeddable":true,"href":"https:\/\/www.tiropunta.com\/index.php?rest_route=%2Fwp%2Fv2%2Fcomments&post=105"}],"version-history":[{"count":5,"href":"https:\/\/www.tiropunta.com\/index.php?rest_route=\/wp\/v2\/pages\/105\/revisions"}],"predecessor-version":[{"id":421,"href":"https:\/\/www.tiropunta.com\/index.php?rest_route=\/wp\/v2\/pages\/105\/revisions\/421"}],"wp:attachment":[{"href":"https:\/\/www.tiropunta.com\/index.php?rest_route=%2Fwp%2Fv2%2Fmedia&parent=105"}],"curies":[{"name":"wp","href":"https:\/\/api.w.org\/{rel}","templated":true}]}}