{"id":101,"date":"2024-12-11T14:13:55","date_gmt":"2024-12-11T17:13:55","guid":{"rendered":"http:\/\/localhost\/tiropunta\/?page_id=101"},"modified":"2025-12-10T09:13:52","modified_gmt":"2025-12-10T12:13:52","slug":"cursos","status":"publish","type":"page","link":"https:\/\/www.tiropunta.com\/?page_id=101","title":{"rendered":"Cursos"},"content":{"rendered":"\n<hr class=\"wp-block-separator has-alpha-channel-opacity is-style-wide\"\/>\n\n\n\n<p>En Punta del Este Shooting Range, ofrecemos una amplia gama de cursos dise\u00f1ados para personas de diferentes niveles de habilidad, desde civiles hasta profesionales del \u00e1rea de seguridad. Nuestros cursos est\u00e1n dirigidos por instructores especializados y est\u00e1n enfocados en brindar formaci\u00f3n de calidad, seguridad y confianza en el manejo de armas y t\u00e1cticas.<\/p>\n\n\n\n<h4 class=\"wp-block-heading has-text-align-center has-text-color has-link-color wp-elements-8602c2383d000c2c1adc92fdc7d04240\" style=\"color:#c33e12\"><strong>Cursos para el \u00c1rea Civil<\/strong><\/h4>\n\n\n\n<ul class=\"wp-block-list\">\n<li><strong><a href=\"https:\/\/www.tiropunta.com\/?page_id=271\" data-type=\"page\" data-id=\"271\">T.H.A.T.A. (T\u00e1cticas de Habilidad en el Uso de Armas de Fuego)<\/a><\/strong>: Formaci\u00f3n avanzada para el desarrollo de habilidades pr\u00e1cticas en el manejo de armas de fuego.<\/li>\n\n\n\n<li><a href=\"https:\/\/www.tiropunta.com\/?page_id=273\" data-type=\"page\" data-id=\"273\"><strong>Porte de Armas<\/strong>:<\/a> Curso orientado a la correcta utilizaci\u00f3n y manejo de armas para quienes deseen obtener o renovar su permiso de porte.<\/li>\n\n\n\n<li><strong>Tiro Pr\u00e1ctico<\/strong>: Aprende t\u00e9cnicas de tiro din\u00e1micas y precisas en escenarios controlados.<\/li>\n\n\n\n<li><strong>Seguridad Dom\u00e9stica<\/strong>: Capacitaci\u00f3n en el uso de armas y t\u00e1cticas de defensa personal para proteger su hogar y familia.<\/li>\n\n\n\n<li><strong>Orientaci\u00f3n y Navegaci\u00f3n<\/strong>: Aprende a orientarte en diferentes terrenos, utilizando mapas y herramientas de navegaci\u00f3n.<\/li>\n\n\n\n<li><strong>Supervivencia<\/strong>: T\u00e9cnicas esenciales para sobrevivir en entornos hostiles, cubriendo desde la preparaci\u00f3n hasta el manejo de situaciones extremas.<\/li>\n<\/ul>\n\n\n\n<h4 class=\"wp-block-heading has-text-align-center has-text-color has-link-color wp-elements-9070a173e5f7d348cb36491f0a45a9ce\" style=\"color:#c33e12\"><strong>Cursos para el \u00c1rea de Seguridad Privada<\/strong><\/h4>\n\n\n\n<ul class=\"wp-block-list\">\n<li><strong><a href=\"https:\/\/www.tiropunta.com\/wp-content\/uploads\/2024\/12\/Contenido_cursos_guardias_.pdf\" data-type=\"link\" data-id=\"https:\/\/www.tiropunta.com\/wp-content\/uploads\/2024\/12\/Contenido_cursos_guardias_.pdf\" target=\"_blank\" rel=\"noreferrer noopener\">Curso de Guardia Desarmado<\/a><\/strong>: Formaci\u00f3n b\u00e1sica para quienes deseen trabajar como guardias de seguridad sin portar armas.<\/li>\n\n\n\n<li><strong><a href=\"https:\/\/www.tiropunta.com\/wp-content\/uploads\/2024\/12\/Contenido_cursos_guardias_.pdf\" target=\"_blank\" rel=\"noreferrer noopener\">Curso de Guardia Armado<\/a><\/strong>: Capacitaci\u00f3n completa para el manejo de armas de fuego en el contexto de la seguridad privada.<\/li>\n\n\n\n<li><strong><a href=\"https:\/\/www.tiropunta.com\/wp-content\/uploads\/2024\/12\/Contenido_cursos_guardias_.pdf\" data-type=\"link\" data-id=\"http:\/\/localhost\/tiropunta\/wp-content\/uploads\/2024\/12\/Contenido_cursos_guardias_.pdf\" target=\"_blank\" rel=\"noreferrer noopener\">Renovaci\u00f3n de Guardia Armado y\/o Desarmado<\/a><\/strong>: Actualizaci\u00f3n de conocimientos y pr\u00e1cticas para mantener la vigencia de la licencia de guardia.<\/li>\n\n\n\n<li><strong>Curso de Encargado de Seguridad<\/strong>: Curso especializado para quienes desean asumir responsabilidades de liderazgo en \u00e1reas de seguridad privada.<\/li>\n<\/ul>\n\n\n\n<h4 class=\"wp-block-heading has-text-align-center has-text-color has-link-color wp-elements-afd9b1399ac1ce3e5ef849b0767a4e88\" style=\"color:#c33e12\"><strong>Cursos para el \u00c1rea Gubernamental<\/strong><\/h4>\n\n\n\n<p>En coordinaci\u00f3n con diversas instituciones del Estado, ofrecemos programas especializados para cuerpos de seguridad y personal gubernamental. Estos cursos est\u00e1n dise\u00f1ados para cubrir necesidades espec\u00edficas de seguridad p\u00fablica y son impartidos en espacios adecuados para el desarrollo de habilidades t\u00e1cticas y operativas.<\/p>\n\n\n\n<p><\/p>\n","protected":false},"excerpt":{"rendered":"<p>En Punta del Este Shooting Range, ofrecemos una amplia gama de cursos dise\u00f1ados para personas de diferentes niveles de habilidad, desde civiles hasta profesionales del \u00e1rea de seguridad. Nuestros cursos est\u00e1n dirigidos por instructores especializados y est\u00e1n enfocados en brindar formaci\u00f3n de calidad, seguridad y confianza en el manejo de armas y t\u00e1cticas. Cursos para [&hellip;]<\/p>\n","protected":false},"author":2,"featured_media":0,"parent":0,"menu_order":0,"comment_status":"closed","ping_status":"closed","template":"","meta":{"footnotes":""},"class_list":["post-101","page","type-page","status-publish","hentry"],"_links":{"self":[{"href":"https:\/\/www.tiropunta.com\/index.php?rest_route=\/wp\/v2\/pages\/101","targetHints":{"allow":["GET"]}}],"collection":[{"href":"https:\/\/www.tiropunta.com\/index.php?rest_route=\/wp\/v2\/pages"}],"about":[{"href":"https:\/\/www.tiropunta.com\/index.php?rest_route=\/wp\/v2\/types\/page"}],"author":[{"embeddable":true,"href":"https:\/\/www.tiropunta.com\/index.php?rest_route=\/wp\/v2\/users\/2"}],"replies":[{"embeddable":true,"href":"https:\/\/www.tiropunta.com\/index.php?rest_route=%2Fwp%2Fv2%2Fcomments&post=101"}],"version-history":[{"count":11,"href":"https:\/\/www.tiropunta.com\/index.php?rest_route=\/wp\/v2\/pages\/101\/revisions"}],"predecessor-version":[{"id":541,"href":"https:\/\/www.tiropunta.com\/index.php?rest_route=\/wp\/v2\/pages\/101\/revisions\/541"}],"wp:attachment":[{"href":"https:\/\/www.tiropunta.com\/index.php?rest_route=%2Fwp%2Fv2%2Fmedia&parent=101"}],"curies":[{"name":"wp","href":"https:\/\/api.w.org\/{rel}","templated":true}]}}